{"id":4038,"date":"2021-02-24T14:23:02","date_gmt":"2021-02-24T13:23:02","guid":{"rendered":"http:\/\/gite-le-presbytere.com\/?page_id=4038"},"modified":"2025-08-04T23:30:30","modified_gmt":"2025-08-04T21:30:30","slug":"decouvrir","status":"publish","type":"page","link":"https:\/\/gite-le-presbytere.com\/index.php\/decouvrir\/","title":{"rendered":"D\u00e9couvrir"},"content":{"rendered":"\t\t<div data-elementor-type=\"wp-post\" data-elementor-id=\"4038\" class=\"elementor elementor-4038\">\n\t\t\t\t\t\t<section class=\"elementor-section elementor-top-section elementor-element elementor-element-fda0ebb elementor-section-stretched elementor-section-boxed elementor-section-height-default elementor-section-height-default\" data-id=\"fda0ebb\" data-element_type=\"section\" data-settings=\"{&quot;stretch_section&quot;:&quot;section-stretched&quot;,&quot;background_background&quot;:&quot;classic&quot;}\">\n\t\t\t\t\t\t<div class=\"elementor-container elementor-column-gap-no\">\n\t\t\t\t\t<div class=\"elementor-column elementor-col-100 elementor-top-column elementor-element elementor-element-0a154e0\" data-id=\"0a154e0\" data-element_type=\"column\">\n\t\t\t<div class=\"elementor-widget-wrap elementor-element-populated\">\n\t\t\t\t\t\t<div class=\"elementor-element elementor-element-69e2ad6 elementor-nav-menu--indicator-classic elementor-nav-menu--dropdown-tablet elementor-nav-menu__text-align-aside elementor-nav-menu--toggle elementor-nav-menu--burger elementor-menu-toggle__align-left elementor-widget elementor-widget-opal-nav-menu\" data-id=\"69e2ad6\" data-element_type=\"widget\" data-settings=\"{&quot;layout&quot;:&quot;horizontal&quot;,&quot;toggle&quot;:&quot;burger&quot;}\" data-widget_type=\"opal-nav-menu.default\">\n\t\t\t\t<div class=\"elementor-widget-container\">\n\t\t\t\t\t        <nav class=\"elementor-nav-menu--mobile-enable elementor-nav-menu--main elementor-nav-menu__container elementor-nav-menu--layout-horizontal e--pointer-none\" data-subMenusMinWidth=\"50\" data-subMenusMaxWidth=\"500\">\n                        <ul id=\"menu-1-69e2ad6\" class=\"elementor-nav-menu\"><li class=\"menu-item menu-item-type-post_type menu-item-object-page menu-item-home menu-item-4007\"><a href=\"https:\/\/gite-le-presbytere.com\/\" class=\"elementor-item\"><span class=\"menu-title\">Accueil<\/span><\/a><\/li>\n<li class=\"menu-item menu-item-type-post_type menu-item-object-page menu-item-4013\"><a href=\"https:\/\/gite-le-presbytere.com\/index.php\/sejourner\/\" class=\"elementor-item\"><span class=\"menu-title\">S\u00e9journer<\/span><\/a><\/li>\n<li class=\"menu-item menu-item-type-post_type menu-item-object-page menu-item-4043\"><a href=\"https:\/\/gite-le-presbytere.com\/index.php\/decouvrir\/\" class=\"elementor-item\"><span class=\"menu-title\">D\u00e9couvrir<\/span><\/a><\/li>\n<li class=\"menu-item menu-item-type-post_type menu-item-object-page menu-item-4049\"><a href=\"https:\/\/gite-le-presbytere.com\/index.php\/reserver\/\" class=\"elementor-item\"><span class=\"menu-title\">R\u00e9server<\/span><\/a><\/li>\n<li class=\"menu-item menu-item-type-post_type menu-item-object-page menu-item-4016\"><a href=\"https:\/\/gite-le-presbytere.com\/index.php\/contactez-nous\/\" class=\"elementor-item\"><span class=\"menu-title\">Contacter<\/span><\/a><\/li>\n<li class=\"menu-item menu-item-type-custom menu-item-object-custom menu-item-4077\"><a href=\"#pll_switcher\" class=\"elementor-item\"><span class=\"menu-title\">Langues<\/span><\/a><\/li>\n<\/ul>        <\/nav>\n                        <div class=\"elementor-menu-toggle\" data-target=\"#menu-69e2ad6\">\n                    <i class=\"eicon\" aria-hidden=\"true\"><\/i>\n                    <span class=\"menu-toggle-title\">Menu<\/span>\n                <\/div>\n                <nav class=\"elementor-nav-menu--dropdown elementor-nav-menu__container\"><ul id=\"menu-2-69e2ad6\" class=\"elementor-nav-menu\"><li class=\"menu-item menu-item-type-post_type menu-item-object-page menu-item-home menu-item-4007\"><a href=\"https:\/\/gite-le-presbytere.com\/\" class=\"elementor-item\">Accueil<\/a><\/li>\n<li class=\"menu-item menu-item-type-post_type menu-item-object-page menu-item-4013\"><a href=\"https:\/\/gite-le-presbytere.com\/index.php\/sejourner\/\" class=\"elementor-item\">S\u00e9journer<\/a><\/li>\n<li class=\"menu-item menu-item-type-post_type menu-item-object-page menu-item-4043\"><a href=\"https:\/\/gite-le-presbytere.com\/index.php\/decouvrir\/\" class=\"elementor-item\">D\u00e9couvrir<\/a><\/li>\n<li class=\"menu-item menu-item-type-post_type menu-item-object-page menu-item-4049\"><a href=\"https:\/\/gite-le-presbytere.com\/index.php\/reserver\/\" class=\"elementor-item\">R\u00e9server<\/a><\/li>\n<li class=\"menu-item menu-item-type-post_type menu-item-object-page menu-item-4016\"><a href=\"https:\/\/gite-le-presbytere.com\/index.php\/contactez-nous\/\" class=\"elementor-item\">Contacter<\/a><\/li>\n<li class=\"menu-item menu-item-type-custom menu-item-object-custom menu-item-4077\"><a href=\"#pll_switcher\" class=\"elementor-item\">Langues<\/a><\/li>\n<\/ul><\/nav>\n            \t\t\t\t<\/div>\n\t\t\t\t<\/div>\n\t\t\t\t\t<\/div>\n\t\t<\/div>\n\t\t\t\t\t<\/div>\n\t\t<\/section>\n\t\t\t\t<section class=\"elementor-section elementor-top-section elementor-element elementor-element-81c1767 elementor-section-stretched elementor-section-boxed elementor-section-height-default elementor-section-height-default\" data-id=\"81c1767\" data-element_type=\"section\" data-settings=\"{&quot;stretch_section&quot;:&quot;section-stretched&quot;,&quot;background_background&quot;:&quot;classic&quot;}\">\n\t\t\t\t\t\t<div class=\"elementor-container elementor-column-gap-no\">\n\t\t\t\t\t<div class=\"elementor-column elementor-col-100 elementor-top-column elementor-element elementor-element-3f18b7d\" data-id=\"3f18b7d\" data-element_type=\"column\">\n\t\t\t<div class=\"elementor-widget-wrap elementor-element-populated\">\n\t\t\t\t\t\t<div class=\"elementor-element elementor-element-d169d6d animated-fast elementor-invisible elementor-widget elementor-widget-heading\" data-id=\"d169d6d\" data-element_type=\"widget\" data-settings=\"{&quot;_animation&quot;:&quot;opal-move-up&quot;}\" data-widget_type=\"heading.default\">\n\t\t\t\t<div class=\"elementor-widget-container\">\n\t\t\t\t\t<div class=\"decor\"><span class=\"dot\"><\/span><\/div><h2 class=\"elementor-heading-title elementor-size-default\">Que faire?<\/h2>\t\t\t\t<\/div>\n\t\t\t\t<\/div>\n\t\t\t\t<div class=\"elementor-element elementor-element-e733d0e elementor-align-left elementor-widget elementor-widget-accordion\" data-id=\"e733d0e\" data-element_type=\"widget\" data-widget_type=\"accordion.default\">\n\t\t\t\t<div class=\"elementor-widget-container\">\n\t\t\t\t\t        <div class=\"elementor-accordion\" role=\"tablist\">\n                    <div class=\"elementor-accordion-item\">\n            <div id=\"elementor-tab-title-2421\" class=\"elementor-tab-title\" tabindex=\"2421\" data-tab=\"1\" role=\"tab\" aria-controls=\"elementor-tab-content-2421\"            >\n            Nature                        <span class=\"elementor-accordion-icon\" aria-hidden=\"true\">\n\t\t\t\t\t\t\t<i class=\"elementor-accordion-icon-closed fa fa-plus\"><\/i>\n\t\t\t\t\t\t\t<i class=\"elementor-accordion-icon-opened fa fa-minus\"><\/i>\n\t\t\t\t\t\t<\/span>\n                    <\/div>\n            <div id=\"elementor-tab-content-2421\" class=\"elementor-tab-content elementor-clearfix\" data-tab=\"1\" role=\"tabpanel\" aria-labelledby=\"elementor-tab-title-2421\">\n                                    <p><span style=\"text-decoration: underline;\"><strong>Randonn\u00e9e<\/strong><\/span><\/p><ul><li><a href=\"http:\/\/www.tourisme-montmedy.fr\/promenades-en-famille.php\">http:\/\/www.tourisme-montmedy.fr\/promenades-en-famille.php<\/a><\/li><li><a href=\"https:\/\/randos.lorraine-gaumaise.com\/fr\/\">https:\/\/randos.lorraine-gaumaise.com\/fr\/<\/a><\/li><\/ul><p><span style=\"text-decoration: underline;\"><strong>V\u00e9lo<\/strong><\/span><\/p><ul><li><a href=\"http:\/\/www.tourisme-montmedy.fr\/pour-les-cyclistes.php\">http:\/\/www.tourisme-montmedy.fr\/pour-les-cyclistes.php<\/a><\/li><\/ul><p><span style=\"text-decoration: underline;\"><strong>P\u00eache<\/strong><\/span><\/p><ul><li><a href=\"http:\/\/www.peche55.fr\/\">http:\/\/www.peche55.fr\/<\/a><\/li><\/ul><p><span style=\"text-decoration: underline;\"><strong>Labyrinthe de Ma\u00efs<\/strong><\/span><\/p><ul><li><a href=\"https:\/\/www.facebook.com\/labyrinthedemais.montmedy\"> https:\/\/www.facebook.com\/labyrinthedemais.montmedy<\/a><\/li><\/ul><p><span style=\"text-decoration: underline;\"><strong>Kayak<\/strong><\/span><\/p><p><a href=\"http:\/\/www.kayak-chiny.be\/\">http:\/\/www.kayak-chiny.be\/<\/a><\/p>                            <\/div>\n            <\/div>\n                    <div class=\"elementor-accordion-item\">\n            <div id=\"elementor-tab-title-2422\" class=\"elementor-tab-title\" tabindex=\"2422\" data-tab=\"2\" role=\"tab\" aria-controls=\"elementor-tab-content-2422\"            >\n            Patrimoine                        <span class=\"elementor-accordion-icon\" aria-hidden=\"true\">\n\t\t\t\t\t\t\t<i class=\"elementor-accordion-icon-closed fa fa-plus\"><\/i>\n\t\t\t\t\t\t\t<i class=\"elementor-accordion-icon-opened fa fa-minus\"><\/i>\n\t\t\t\t\t\t<\/span>\n                    <\/div>\n            <div id=\"elementor-tab-content-2422\" class=\"elementor-tab-content elementor-clearfix\" data-tab=\"2\" role=\"tabpanel\" aria-labelledby=\"elementor-tab-title-2422\">\n                                    <p><span style=\"text-decoration: underline;\"><strong>Montm\u00e9dy \u2013 la citadelle<\/strong><\/span><\/p><ul><li><a href=\"http:\/\/www.tourisme-montmedy.fr\/montmedy-citadelle.php\">http:\/\/www.tourisme-montmedy.fr\/montmedy-citadelle.php<\/a><\/li><\/ul><p><span style=\"text-decoration: underline;\"><strong>Marville \u2013 cit\u00e9e renaissance<\/strong><\/span><\/p><ul><li><a href=\"http:\/\/www.tourisme-montmedy.fr\/cite-renaissancemarville.php\">http:\/\/www.tourisme-montmedy.fr\/cite-renaissancemarville.php<\/a><\/li><\/ul><p><br \/><span style=\"text-decoration: underline;\"><strong>Torgny \u2013 un des plus beaux villages de Wallonie<\/strong><\/span><\/p><ul><li><a href=\"https:\/\/torgny.be\/\"> https:\/\/torgny.be\/<\/a><\/li><\/ul><p><br \/><span style=\"text-decoration: underline;\"><strong>Abbaye d\u2019Orval<\/strong><\/span><\/p><ul><li><a href=\"https:\/\/www.orval.be\/fr\/\">https:\/\/www.orval.be\/fr\/<\/a><\/li><\/ul><p><br \/><span style=\"text-decoration: underline;\"><strong>Basilique d\u2019Avioth<\/strong><\/span><\/p><ul><li><a href=\"http:\/\/www.tourisme-montmedy.fr\/basilique-avioth.php\">http:\/\/www.tourisme-montmedy.fr\/basilique-avioth.php<\/a><\/li><\/ul><p><br \/><span style=\"text-decoration: underline;\"><strong>Ch\u00e2teau de Louppy-sur- Loison<\/strong><\/span><\/p><ul><li><a href=\"http:\/\/www.tourisme-montmedy.fr\/louppy-sur-loison.php\">http:\/\/www.tourisme-montmedy.fr\/louppy-sur-loison.php<\/a><\/li><\/ul><p><br \/><span style=\"text-decoration: underline;\"><strong>Mus\u00e9e Gaumais \u00e0 Virton<\/strong><\/span><\/p><ul><li><a href=\"http:\/\/www.museesgaumais.be\/\">http:\/\/www.museesgaumais.be\/<\/a><\/li><\/ul><p><span style=\"text-decoration: underline;\"><strong>Mus\u00e9e de la bi\u00e8re \u00e0 Stenay<\/strong><\/span><\/p><ul><li><a href=\"https:\/\/museedelabiere.com\/\">https:\/\/museedelabiere.com\/<\/a><\/li><\/ul><p><br \/><span style=\"text-decoration: underline;\"><strong>Les \u00e9maux de Longwy<\/strong><\/span><\/p><ul><li><a href=\"https:\/\/www.emauxdelongwy.com\/\">https:\/\/www.emauxdelongwy.com\/<\/a><\/li><\/ul><p>\u00a0<\/p>                            <\/div>\n            <\/div>\n                    <div class=\"elementor-accordion-item\">\n            <div id=\"elementor-tab-title-2423\" class=\"elementor-tab-title\" tabindex=\"2423\" data-tab=\"3\" role=\"tab\" aria-controls=\"elementor-tab-content-2423\"            >\n            Terre de m\u00e9moire                        <span class=\"elementor-accordion-icon\" aria-hidden=\"true\">\n\t\t\t\t\t\t\t<i class=\"elementor-accordion-icon-closed fa fa-plus\"><\/i>\n\t\t\t\t\t\t\t<i class=\"elementor-accordion-icon-opened fa fa-minus\"><\/i>\n\t\t\t\t\t\t<\/span>\n                    <\/div>\n            <div id=\"elementor-tab-content-2423\" class=\"elementor-tab-content elementor-clearfix\" data-tab=\"3\" role=\"tabpanel\" aria-labelledby=\"elementor-tab-title-2423\">\n                                    <p><span style=\"text-decoration: underline;\"><strong>Verdun<\/strong><\/span><\/p><ul><li><a href=\"https:\/\/www.tourisme-verdun.com\/les-incontournables-14-18\">https:\/\/www.tourisme-verdun.com\/les-incontournables-14-18<\/a><\/li><\/ul><p><br \/><span style=\"text-decoration: underline;\"><strong>Ligne Maginot \u2013 le fort de fermont<\/strong><\/span><\/p><ul><li><a href=\"https:\/\/www.fort-de-fermont.fr\/\">https:\/\/www.fort-de-fermont.fr\/<\/a><\/li><li><a href=\"http:\/\/www.tourisme-montmedy.fr\/ligne-maginot.php\">http:\/\/www.tourisme-montmedy.fr\/ligne-maginot.php<\/a><\/li><\/ul>                            <\/div>\n            <\/div>\n                    <div class=\"elementor-accordion-item\">\n            <div id=\"elementor-tab-title-2424\" class=\"elementor-tab-title\" tabindex=\"2424\" data-tab=\"4\" role=\"tab\" aria-controls=\"elementor-tab-content-2424\"            >\n            Plus d'informations                        <span class=\"elementor-accordion-icon\" aria-hidden=\"true\">\n\t\t\t\t\t\t\t<i class=\"elementor-accordion-icon-closed fa fa-plus\"><\/i>\n\t\t\t\t\t\t\t<i class=\"elementor-accordion-icon-opened fa fa-minus\"><\/i>\n\t\t\t\t\t\t<\/span>\n                    <\/div>\n            <div id=\"elementor-tab-content-2424\" class=\"elementor-tab-content elementor-clearfix\" data-tab=\"4\" role=\"tabpanel\" aria-labelledby=\"elementor-tab-title-2424\">\n                                    <p><span style=\"text-decoration: underline;\"><strong>Tourisme Lorraine<\/strong><\/span><\/p><ul><li><a href=\"https:\/\/www.tourisme-lorraine.fr\/\">https:\/\/www.tourisme-lorraine.fr\/<\/a><\/li><\/ul><p><span style=\"text-decoration: underline;\"><strong>Tourisme Verdun<\/strong><\/span><\/p><ul><li><a href=\"https:\/\/www.tourisme-verdun.com\/\">https:\/\/www.tourisme-verdun.com\/<\/a><\/li><\/ul><p><span style=\"text-decoration: underline;\"><strong>Tourisme en Meuse<\/strong><\/span><\/p><ul><li><a href=\"https:\/\/www.lameuse.fr\/fr\/\">https:\/\/www.lameuse.fr\/fr\/<\/a><\/li><\/ul><p><span style=\"text-decoration: underline;\"><strong>La maison du tourisme de Gaume<\/strong><\/span><\/p><ul><li><a href=\"http:\/\/www.visitgaume.be\">http:\/\/www.visitgaume.be<\/a><\/li><\/ul>                            <\/div>\n            <\/div>\n                <\/div>\n        \t\t\t\t<\/div>\n\t\t\t\t<\/div>\n\t\t\t\t\t<\/div>\n\t\t<\/div>\n\t\t\t\t\t<\/div>\n\t\t<\/section>\n\t\t\t\t<\/div>\n\t\t","protected":false},"excerpt":{"rendered":"<p>Que faire? Nature Randonn\u00e9e http:\/\/www.tourisme-montmedy.fr\/promenades-en-famille.php https:\/\/randos.lorraine-gaumaise.com\/fr\/ V\u00e9lo http:\/\/www.tourisme-montmedy.fr\/pour-les-cyclistes.php P\u00eache http:\/\/www.peche55.fr\/ Labyrinthe de Ma\u00efs https:\/\/www.facebook.com\/labyrinthedemais.montmedy Kayak http:\/\/www.kayak-chiny.be\/ Patrimoine Montm\u00e9dy \u2013 la citadelle http:\/\/www.tourisme-montmedy.fr\/montmedy-citadelle.php Marville \u2013 cit\u00e9e renaissance http:\/\/www.tourisme-montmedy.fr\/cite-renaissancemarville.php Torgny \u2013 un des plus beaux villages de Wallonie https:\/\/torgny.be\/ Abbaye d\u2019Orval https:\/\/www.orval.be\/fr\/ Basilique d\u2019Avioth http:\/\/www.tourisme-montmedy.fr\/basilique-avioth.php Ch\u00e2teau de Louppy-sur- Loison http:\/\/www.tourisme-montmedy.fr\/louppy-sur-loison.php Mus\u00e9e Gaumais \u00e0 Virton http:\/\/www.museesgaumais.be\/ Mus\u00e9e de &hellip; <\/p>\n<p class=\"link-more\"><a href=\"https:\/\/gite-le-presbytere.com\/index.php\/decouvrir\/\" class=\"more-link\">Read More <span class=\"screen-reader-text\"> \u00ab\u00a0D\u00e9couvrir\u00a0\u00bb<\/span><\/a><\/p>\n","protected":false},"author":1,"featured_media":0,"parent":0,"menu_order":0,"comment_status":"closed","ping_status":"closed","template":"page-elementor.php","meta":{"inline_featured_image":false,"footnotes":""},"class_list":["post-4038","page","type-page","status-publish","hentry"],"_links":{"self":[{"href":"https:\/\/gite-le-presbytere.com\/index.php\/wp-json\/wp\/v2\/pages\/4038","targetHints":{"allow":["GET"]}}],"collection":[{"href":"https:\/\/gite-le-presbytere.com\/index.php\/wp-json\/wp\/v2\/pages"}],"about":[{"href":"https:\/\/gite-le-presbytere.com\/index.php\/wp-json\/wp\/v2\/types\/page"}],"author":[{"embeddable":true,"href":"https:\/\/gite-le-presbytere.com\/index.php\/wp-json\/wp\/v2\/users\/1"}],"replies":[{"embeddable":true,"href":"https:\/\/gite-le-presbytere.com\/index.php\/wp-json\/wp\/v2\/comments?post=4038"}],"version-history":[{"count":31,"href":"https:\/\/gite-le-presbytere.com\/index.php\/wp-json\/wp\/v2\/pages\/4038\/revisions"}],"predecessor-version":[{"id":4546,"href":"https:\/\/gite-le-presbytere.com\/index.php\/wp-json\/wp\/v2\/pages\/4038\/revisions\/4546"}],"wp:attachment":[{"href":"https:\/\/gite-le-presbytere.com\/index.php\/wp-json\/wp\/v2\/media?parent=4038"}],"curies":[{"name":"wp","href":"https:\/\/api.w.org\/{rel}","templated":true}]}}